{"id":2,"date":"2025-06-17T15:30:54","date_gmt":"2025-06-17T15:30:54","guid":{"rendered":"https:\/\/bolsosrosa.rkinformatika.online\/?page_id=2"},"modified":"2025-06-18T11:49:22","modified_gmt":"2025-06-18T11:49:22","slug":"inicio","status":"publish","type":"page","link":"https:\/\/bolsosrosa.es\/ca\/","title":{"rendered":"Inici"},"content":{"rendered":"<div data-elementor-type=\"wp-page\" data-elementor-id=\"2\" class=\"elementor elementor-2\" data-elementor-post-type=\"page\">\n\t\t\t\t\t\t<section class=\"elementor-section elementor-top-section elementor-element elementor-element-f65db1a elementor-section-boxed elementor-section-height-default elementor-section-height-default\" data-id=\"f65db1a\" data-element_type=\"section\" data-e-type=\"section\" data-settings=\"{&quot;background_background&quot;:&quot;classic&quot;}\">\n\t\t\t\t\t\t\t<div class=\"elementor-background-overlay\"><\/div>\n\t\t\t\t\t\t\t<div class=\"elementor-container elementor-column-gap-default\">\n\t\t\t\t\t<div class=\"elementor-column elementor-col-100 elementor-top-column elementor-element elementor-element-364f47c\" data-id=\"364f47c\" data-element_type=\"column\" data-e-type=\"column\">\n\t\t\t<div class=\"elementor-widget-wrap elementor-element-populated\">\n\t\t\t\t\t\t<div class=\"elementor-element elementor-element-804cdd6 elementor-invisible elementor-widget elementor-widget-heading\" data-id=\"804cdd6\" data-element_type=\"widget\" data-e-type=\"widget\" data-settings=\"{&quot;_animation&quot;:&quot;fadeInLeft&quot;}\" data-widget_type=\"heading.default\">\n\t\t\t\t<div class=\"elementor-widget-container\">\n\t\t\t\t\t<h2 class=\"elementor-heading-title elementor-size-default\">Botiga de bosses i articles de viatge<\/h2>\t\t\t\t<\/div>\n\t\t\t\t<\/div>\n\t\t\t\t\t<\/div>\n\t\t<\/div>\n\t\t\t\t\t<\/div>\n\t\t<\/section>\n\t\t\t\t<section class=\"elementor-section elementor-top-section elementor-element elementor-element-f7541a5 elementor-section-content-middle envato-kit-141 elementor-section-boxed elementor-section-height-default elementor-section-height-default\" data-id=\"f7541a5\" data-element_type=\"section\" data-e-type=\"section\" data-settings=\"{&quot;background_background&quot;:&quot;classic&quot;}\">\n\t\t\t\t\t\t\t<div class=\"elementor-background-overlay\"><\/div>\n\t\t\t\t\t\t\t<div class=\"elementor-container elementor-column-gap-wide\">\n\t\t\t\t\t<div class=\"elementor-column elementor-col-100 elementor-top-column elementor-element elementor-element-3810b44\" data-id=\"3810b44\" data-element_type=\"column\" data-e-type=\"column\">\n\t\t\t<div class=\"elementor-widget-wrap elementor-element-populated\">\n\t\t\t\t\t\t<div class=\"elementor-element elementor-element-cc01ab3 elementor-widget__width-initial elementor-absolute elementor-widget elementor-widget-image\" data-id=\"cc01ab3\" data-element_type=\"widget\" data-e-type=\"widget\" data-settings=\"{&quot;_position&quot;:&quot;absolute&quot;}\" data-widget_type=\"image.default\">\n\t\t\t\t<div class=\"elementor-widget-container\">\n\t\t\t\t\t\t\t\t\t\t\t\t\t\t\t<img decoding=\"async\" width=\"249\" height=\"168\" src=\"https:\/\/bolsosrosa.es\/wp-content\/uploads\/2025\/06\/rosa_trans.png\" class=\"attachment-medium size-medium wp-image-111\" alt=\"\" srcset=\"https:\/\/bolsosrosa.es\/wp-content\/uploads\/2025\/06\/rosa_trans.png 249w, https:\/\/bolsosrosa.es\/wp-content\/uploads\/2025\/06\/rosa_trans-18x12.png 18w\" sizes=\"(max-width: 249px) 100vw, 249px\" \/>\t\t\t\t\t\t\t\t\t\t\t\t\t\t\t<\/div>\n\t\t\t\t<\/div>\n\t\t\t\t<div class=\"elementor-element elementor-element-ccc3600 elementor-invisible elementor-widget elementor-widget-heading\" data-id=\"ccc3600\" data-element_type=\"widget\" data-e-type=\"widget\" data-settings=\"{&quot;_animation&quot;:&quot;fadeIn&quot;,&quot;_animation_delay&quot;:50}\" data-widget_type=\"heading.default\">\n\t\t\t\t<div class=\"elementor-widget-container\">\n\t\t\t\t\t<h2 class=\"elementor-heading-title elementor-size-default\">inicio<\/h2>\t\t\t\t<\/div>\n\t\t\t\t<\/div>\n\t\t\t\t<div class=\"elementor-element elementor-element-a7617ea elementor-invisible elementor-widget elementor-widget-heading\" data-id=\"a7617ea\" data-element_type=\"widget\" data-e-type=\"widget\" data-settings=\"{&quot;_animation&quot;:&quot;fadeIn&quot;,&quot;_animation_delay&quot;:100}\" data-widget_type=\"heading.default\">\n\t\t\t\t<div class=\"elementor-widget-container\">\n\t\t\t\t\t<h2 class=\"elementor-heading-title elementor-size-default\">Sobre nosaltres <\/h2>\t\t\t\t<\/div>\n\t\t\t\t<\/div>\n\t\t\t\t\t<\/div>\n\t\t<\/div>\n\t\t\t\t\t<\/div>\n\t\t<\/section>\n\t\t\t\t<section class=\"elementor-section elementor-top-section elementor-element elementor-element-e01bcb2 elementor-section-boxed elementor-section-height-default elementor-section-height-default elementor-invisible\" data-id=\"e01bcb2\" data-element_type=\"section\" data-e-type=\"section\" data-settings=\"{&quot;animation&quot;:&quot;fadeInUp&quot;}\">\n\t\t\t\t\t\t<div class=\"elementor-container elementor-column-gap-default\">\n\t\t\t\t\t<div class=\"elementor-column elementor-col-16 elementor-top-column elementor-element elementor-element-51a508b\" data-id=\"51a508b\" data-element_type=\"column\" data-e-type=\"column\">\n\t\t\t<div class=\"elementor-widget-wrap elementor-element-populated\">\n\t\t\t\t\t\t<div class=\"elementor-element elementor-element-405d5de elementor-widget elementor-widget-image\" data-id=\"405d5de\" data-element_type=\"widget\" data-e-type=\"widget\" data-widget_type=\"image.default\">\n\t\t\t\t<div class=\"elementor-widget-container\">\n\t\t\t\t\t\t\t\t\t\t\t\t\t\t\t<img fetchpriority=\"high\" decoding=\"async\" width=\"1813\" height=\"1598\" src=\"https:\/\/bolsosrosa.es\/wp-content\/uploads\/2025\/06\/484023417_1146201127293631_8242932087866368924_n.jpg\" class=\"elementor-animation-shrink attachment-full size-full wp-image-127\" alt=\"\" srcset=\"https:\/\/bolsosrosa.es\/wp-content\/uploads\/2025\/06\/484023417_1146201127293631_8242932087866368924_n.jpg 1813w, https:\/\/bolsosrosa.es\/wp-content\/uploads\/2025\/06\/484023417_1146201127293631_8242932087866368924_n-300x264.jpg 300w, https:\/\/bolsosrosa.es\/wp-content\/uploads\/2025\/06\/484023417_1146201127293631_8242932087866368924_n-1024x903.jpg 1024w, https:\/\/bolsosrosa.es\/wp-content\/uploads\/2025\/06\/484023417_1146201127293631_8242932087866368924_n-768x677.jpg 768w, https:\/\/bolsosrosa.es\/wp-content\/uploads\/2025\/06\/484023417_1146201127293631_8242932087866368924_n-1536x1354.jpg 1536w, https:\/\/bolsosrosa.es\/wp-content\/uploads\/2025\/06\/484023417_1146201127293631_8242932087866368924_n-14x12.jpg 14w\" sizes=\"(max-width: 1813px) 100vw, 1813px\" \/>\t\t\t\t\t\t\t\t\t\t\t\t\t\t\t<\/div>\n\t\t\t\t<\/div>\n\t\t\t\t\t<\/div>\n\t\t<\/div>\n\t\t\t\t<div class=\"elementor-column elementor-col-66 elementor-top-column elementor-element elementor-element-43b9c2a\" data-id=\"43b9c2a\" data-element_type=\"column\" data-e-type=\"column\">\n\t\t\t<div class=\"elementor-widget-wrap elementor-element-populated\">\n\t\t\t\t\t\t<div class=\"elementor-element elementor-element-1118d62 elementor-widget elementor-widget-text-editor\" data-id=\"1118d62\" data-element_type=\"widget\" data-e-type=\"widget\" data-widget_type=\"text-editor.default\">\n\t\t\t\t<div class=\"elementor-widget-container\">\n\t\t\t\t\t\t\t\t\t<p>Empresa d'inici familiar des de la d\u00e8cada dels 70\u2032, referencial a Cerdanyola. Estem en un lloc c\u00e8ntric i accessible.<\/p><p><span style=\"font-size: 1rem;\">A la nostra botiga trobar\u00e0s maletes; Samsonite, American Tourister i Gabol. Bosses; Binnari, Don Algod\u00f3n, Caramelo, Amichi. Cinturons; Miguel Bellido. Paraig\u00fces; Vogue, Clima, Espeleta. Motxilles Artic Hunter, Bienoti. Marroquineria; Pielnoble, Lugupell, Bultaco, Munich. I molts altres accessoris i marques relacionades.<\/span><\/p>\t\t\t\t\t\t\t\t<\/div>\n\t\t\t\t<\/div>\n\t\t\t\t\t<\/div>\n\t\t<\/div>\n\t\t\t\t<div class=\"elementor-column elementor-col-16 elementor-top-column elementor-element elementor-element-a5fbc5e\" data-id=\"a5fbc5e\" data-element_type=\"column\" data-e-type=\"column\">\n\t\t\t<div class=\"elementor-widget-wrap elementor-element-populated\">\n\t\t\t\t\t\t<div class=\"elementor-element elementor-element-0cad657 elementor-widget elementor-widget-image\" data-id=\"0cad657\" data-element_type=\"widget\" data-e-type=\"widget\" data-widget_type=\"image.default\">\n\t\t\t\t<div class=\"elementor-widget-container\">\n\t\t\t\t\t\t\t\t\t\t\t\t\t\t\t<img decoding=\"async\" width=\"1840\" height=\"1792\" src=\"https:\/\/bolsosrosa.es\/wp-content\/uploads\/2025\/06\/484814030_1146655680581509_8414455225232744957_n.jpg\" class=\"elementor-animation-shrink attachment-full size-full wp-image-128\" alt=\"\" srcset=\"https:\/\/bolsosrosa.es\/wp-content\/uploads\/2025\/06\/484814030_1146655680581509_8414455225232744957_n.jpg 1840w, https:\/\/bolsosrosa.es\/wp-content\/uploads\/2025\/06\/484814030_1146655680581509_8414455225232744957_n-300x292.jpg 300w, https:\/\/bolsosrosa.es\/wp-content\/uploads\/2025\/06\/484814030_1146655680581509_8414455225232744957_n-1024x997.jpg 1024w, https:\/\/bolsosrosa.es\/wp-content\/uploads\/2025\/06\/484814030_1146655680581509_8414455225232744957_n-768x748.jpg 768w, https:\/\/bolsosrosa.es\/wp-content\/uploads\/2025\/06\/484814030_1146655680581509_8414455225232744957_n-1536x1496.jpg 1536w, https:\/\/bolsosrosa.es\/wp-content\/uploads\/2025\/06\/484814030_1146655680581509_8414455225232744957_n-12x12.jpg 12w\" sizes=\"(max-width: 1840px) 100vw, 1840px\" \/>\t\t\t\t\t\t\t\t\t\t\t\t\t\t\t<\/div>\n\t\t\t\t<\/div>\n\t\t\t\t\t<\/div>\n\t\t<\/div>\n\t\t\t\t\t<\/div>\n\t\t<\/section>\n\t\t<div class=\"elementor-element elementor-element-451b8f9 e-flex e-con-boxed e-con e-parent\" data-id=\"451b8f9\" data-element_type=\"container\" data-e-type=\"container\" data-settings=\"{&quot;background_background&quot;:&quot;classic&quot;}\">\n\t\t\t\t\t<div class=\"e-con-inner\">\n\t\t\t\t<div class=\"elementor-element elementor-element-1bcf180 elementor-invisible elementor-widget elementor-widget-heading\" data-id=\"1bcf180\" data-element_type=\"widget\" data-e-type=\"widget\" data-settings=\"{&quot;_animation&quot;:&quot;fadeInRight&quot;}\" data-widget_type=\"heading.default\">\n\t\t\t\t<div class=\"elementor-widget-container\">\n\t\t\t\t\t<h2 class=\"elementor-heading-title elementor-size-default\">Et donem qualitat i marca!<\/h2>\t\t\t\t<\/div>\n\t\t\t\t<\/div>\n\t\t\t\t<div class=\"elementor-element elementor-element-be26c18 elementor-button-info elementor-invisible elementor-widget elementor-widget-button\" data-id=\"be26c18\" data-element_type=\"widget\" data-e-type=\"widget\" data-settings=\"{&quot;_animation&quot;:&quot;fadeInLeft&quot;}\" data-widget_type=\"button.default\">\n\t\t\t\t<div class=\"elementor-widget-container\">\n\t\t\t\t\t\t\t\t\t<div class=\"elementor-button-wrapper\">\n\t\t\t\t\t<a class=\"elementor-button elementor-button-link elementor-size-sm\" href=\"\/ca\/contacto\/\">\n\t\t\t\t\t\t<span class=\"elementor-button-content-wrapper\">\n\t\t\t\t\t\t\t\t\t<span class=\"elementor-button-text\">Contacta'ns<\/span>\n\t\t\t\t\t<\/span>\n\t\t\t\t\t<\/a>\n\t\t\t\t<\/div>\n\t\t\t\t\t\t\t\t<\/div>\n\t\t\t\t<\/div>\n\t\t\t\t\t<\/div>\n\t\t\t\t<\/div>\n\t\t\t\t<section class=\"elementor-section elementor-top-section elementor-element elementor-element-bbac4f3 elementor-section-boxed elementor-section-height-default elementor-section-height-default elementor-invisible\" data-id=\"bbac4f3\" data-element_type=\"section\" data-e-type=\"section\" data-settings=\"{&quot;animation&quot;:&quot;fadeInUp&quot;}\">\n\t\t\t\t\t\t<div class=\"elementor-container elementor-column-gap-default\">\n\t\t\t\t\t<div class=\"elementor-column elementor-col-50 elementor-top-column elementor-element elementor-element-27ec1e5\" data-id=\"27ec1e5\" data-element_type=\"column\" data-e-type=\"column\">\n\t\t\t<div class=\"elementor-widget-wrap elementor-element-populated\">\n\t\t\t\t\t\t<div class=\"elementor-element elementor-element-2be2636 elementor-widget elementor-widget-image\" data-id=\"2be2636\" data-element_type=\"widget\" data-e-type=\"widget\" data-widget_type=\"image.default\">\n\t\t\t\t<div class=\"elementor-widget-container\">\n\t\t\t\t\t\t\t\t\t\t\t\t\t\t\t<img loading=\"lazy\" decoding=\"async\" width=\"1080\" height=\"1276\" src=\"https:\/\/bolsosrosa.es\/wp-content\/uploads\/2025\/06\/478581401_1123164286263982_1866880084971554152_n.jpg\" class=\"elementor-animation-shrink attachment-full size-full wp-image-260\" alt=\"\" srcset=\"https:\/\/bolsosrosa.es\/wp-content\/uploads\/2025\/06\/478581401_1123164286263982_1866880084971554152_n.jpg 1080w, https:\/\/bolsosrosa.es\/wp-content\/uploads\/2025\/06\/478581401_1123164286263982_1866880084971554152_n-254x300.jpg 254w, https:\/\/bolsosrosa.es\/wp-content\/uploads\/2025\/06\/478581401_1123164286263982_1866880084971554152_n-867x1024.jpg 867w, https:\/\/bolsosrosa.es\/wp-content\/uploads\/2025\/06\/478581401_1123164286263982_1866880084971554152_n-768x907.jpg 768w, https:\/\/bolsosrosa.es\/wp-content\/uploads\/2025\/06\/478581401_1123164286263982_1866880084971554152_n-10x12.jpg 10w\" sizes=\"(max-width: 1080px) 100vw, 1080px\" \/>\t\t\t\t\t\t\t\t\t\t\t\t\t\t\t<\/div>\n\t\t\t\t<\/div>\n\t\t\t\t\t<\/div>\n\t\t<\/div>\n\t\t\t\t<div class=\"elementor-column elementor-col-50 elementor-top-column elementor-element elementor-element-5516eab\" data-id=\"5516eab\" data-element_type=\"column\" data-e-type=\"column\">\n\t\t\t<div class=\"elementor-widget-wrap elementor-element-populated\">\n\t\t\t\t\t\t<div class=\"elementor-element elementor-element-1f1b839 elementor-widget elementor-widget-spacer\" data-id=\"1f1b839\" data-element_type=\"widget\" data-e-type=\"widget\" data-widget_type=\"spacer.default\">\n\t\t\t\t<div class=\"elementor-widget-container\">\n\t\t\t\t\t\t\t<div class=\"elementor-spacer\">\n\t\t\t<div class=\"elementor-spacer-inner\"><\/div>\n\t\t<\/div>\n\t\t\t\t\t\t<\/div>\n\t\t\t\t<\/div>\n\t\t\t\t<div class=\"elementor-element elementor-element-b795377 elementor-invisible elementor-widget elementor-widget-heading\" data-id=\"b795377\" data-element_type=\"widget\" data-e-type=\"widget\" data-settings=\"{&quot;_animation&quot;:&quot;fadeIn&quot;,&quot;_animation_delay&quot;:50}\" data-widget_type=\"heading.default\">\n\t\t\t\t<div class=\"elementor-widget-container\">\n\t\t\t\t\t<h2 class=\"elementor-heading-title elementor-size-default\">inicio<\/h2>\t\t\t\t<\/div>\n\t\t\t\t<\/div>\n\t\t\t\t<div class=\"elementor-element elementor-element-fda698c elementor-widget__width-initial elementor-absolute elementor-widget elementor-widget-image\" data-id=\"fda698c\" data-element_type=\"widget\" data-e-type=\"widget\" data-settings=\"{&quot;_position&quot;:&quot;absolute&quot;}\" data-widget_type=\"image.default\">\n\t\t\t\t<div class=\"elementor-widget-container\">\n\t\t\t\t\t\t\t\t\t\t\t\t\t\t\t<img decoding=\"async\" width=\"249\" height=\"168\" src=\"https:\/\/bolsosrosa.es\/wp-content\/uploads\/2025\/06\/rosa_trans.png\" class=\"attachment-medium size-medium wp-image-111\" alt=\"\" srcset=\"https:\/\/bolsosrosa.es\/wp-content\/uploads\/2025\/06\/rosa_trans.png 249w, https:\/\/bolsosrosa.es\/wp-content\/uploads\/2025\/06\/rosa_trans-18x12.png 18w\" sizes=\"(max-width: 249px) 100vw, 249px\" \/>\t\t\t\t\t\t\t\t\t\t\t\t\t\t\t<\/div>\n\t\t\t\t<\/div>\n\t\t\t\t<div class=\"elementor-element elementor-element-9df5463 elementor-headline--style-highlight elementor-widget elementor-widget-animated-headline\" data-id=\"9df5463\" data-element_type=\"widget\" data-e-type=\"widget\" data-settings=\"{&quot;highlighted_text&quot;:&quot;c\\u00f3modo, suave y liejero&quot;,&quot;headline_style&quot;:&quot;highlight&quot;,&quot;marker&quot;:&quot;circle&quot;,&quot;loop&quot;:&quot;yes&quot;,&quot;highlight_animation_duration&quot;:1200,&quot;highlight_iteration_delay&quot;:8000}\" data-widget_type=\"animated-headline.default\">\n\t\t\t\t<div class=\"elementor-widget-container\">\n\t\t\t\t\t\t\t<h3 class=\"elementor-headline\">\n\t\t\t\t\t<span class=\"elementor-headline-plain-text elementor-headline-text-wrapper\">Viatja<\/span>\n\t\t\t\t<span class=\"elementor-headline-dynamic-wrapper elementor-headline-text-wrapper\">\n\t\t\t\t\t<span class=\"elementor-headline-dynamic-text elementor-headline-text-active\">c\u00f3modo, suave y liejero<\/span>\n\t\t\t\t<\/span>\n\t\t\t\t\t<span class=\"elementor-headline-plain-text elementor-headline-text-wrapper\">amb els nostres productes<\/span>\n\t\t\t\t\t<\/h3>\n\t\t\t\t\t\t<\/div>\n\t\t\t\t<\/div>\n\t\t\t\t<div class=\"elementor-element elementor-element-296b37e elementor-button-info elementor-align-center elementor-invisible elementor-widget elementor-widget-button\" data-id=\"296b37e\" data-element_type=\"widget\" data-e-type=\"widget\" data-settings=\"{&quot;_animation&quot;:&quot;fadeInLeft&quot;}\" data-widget_type=\"button.default\">\n\t\t\t\t<div class=\"elementor-widget-container\">\n\t\t\t\t\t\t\t\t\t<div class=\"elementor-button-wrapper\">\n\t\t\t\t\t<a class=\"elementor-button elementor-button-link elementor-size-sm\" href=\"\/ca\/servicios\/\">\n\t\t\t\t\t\t<span class=\"elementor-button-content-wrapper\">\n\t\t\t\t\t\t\t\t\t<span class=\"elementor-button-text\">Serveis<\/span>\n\t\t\t\t\t<\/span>\n\t\t\t\t\t<\/a>\n\t\t\t\t<\/div>\n\t\t\t\t\t\t\t\t<\/div>\n\t\t\t\t<\/div>\n\t\t\t\t\t<\/div>\n\t\t<\/div>\n\t\t\t\t\t<\/div>\n\t\t<\/section>\n\t\t\t\t<\/div>","protected":false},"excerpt":{"rendered":"<p>Tienda de bolsos y art\u00edculos de viaje inicio Sobre nosotros Empresa de inicio familiar desde la d\u00e9cada de los 70&#8242; referencial en Cerdanyola. Estamos en un lugar c\u00e9ntrico y accesible. En nuestra tienda encontrar\u00e1s maletas; Samsonite, American Tourister y Gabol. Bolsos; Binnari, Don Algod\u00f3n, Caramelo, Amichi. Cinturones;Miguel Bellido. Paraguas; Vogue, Clima, Espeleta. Mochilas Artic Hunter, [&hellip;]<\/p>\n","protected":false},"author":1,"featured_media":0,"parent":0,"menu_order":0,"comment_status":"closed","ping_status":"closed","template":"elementor_canvas","meta":{"footnotes":""},"class_list":["post-2","page","type-page","status-publish","hentry"],"yoast_head":"<!-- This site is optimized with the Yoast SEO plugin v27.3 - https:\/\/yoast.com\/product\/yoast-seo-wordpress\/ -->\n<title>Inicio - Bolsos Rosa<\/title>\n<meta name=\"robots\" content=\"index, follow, max-snippet:-1, max-image-preview:large, max-video-preview:-1\" \/>\n<link rel=\"canonical\" href=\"https:\/\/bolsosrosa.es\/ca\/\" \/>\n<meta property=\"og:locale\" content=\"ca_ES\" \/>\n<meta property=\"og:type\" content=\"article\" \/>\n<meta property=\"og:title\" content=\"Inicio - Bolsos Rosa\" \/>\n<meta property=\"og:description\" content=\"Tienda de bolsos y art\u00edculos de viaje inicio Sobre nosotros Empresa de inicio familiar desde la d\u00e9cada de los 70&#8242; referencial en Cerdanyola. Estamos en un lugar c\u00e9ntrico y accesible. En nuestra tienda encontrar\u00e1s maletas; Samsonite, American Tourister y Gabol. Bolsos; Binnari, Don Algod\u00f3n, Caramelo, Amichi. Cinturones;Miguel Bellido. Paraguas; Vogue, Clima, Espeleta. Mochilas Artic Hunter, [&hellip;]\" \/>\n<meta property=\"og:url\" content=\"https:\/\/bolsosrosa.es\/ca\/\" \/>\n<meta property=\"og:site_name\" content=\"Bolsos Rosa\" \/>\n<meta property=\"article:modified_time\" content=\"2025-06-18T11:49:22+00:00\" \/>\n<meta property=\"og:image\" content=\"https:\/\/bolsosrosa.es\/wp-content\/uploads\/2025\/06\/rosa_trans.png\" \/>\n\t<meta property=\"og:image:width\" content=\"249\" \/>\n\t<meta property=\"og:image:height\" content=\"168\" \/>\n\t<meta property=\"og:image:type\" content=\"image\/png\" \/>\n<meta name=\"twitter:card\" content=\"summary_large_image\" \/>\n<meta name=\"twitter:label1\" content=\"Temps estimat de lectura\" \/>\n\t<meta name=\"twitter:data1\" content=\"2 minuts\" \/>\n<script type=\"application\/ld+json\" class=\"yoast-schema-graph\">{\"@context\":\"https:\\\/\\\/schema.org\",\"@graph\":[{\"@type\":\"WebPage\",\"@id\":\"https:\\\/\\\/bolsosrosa.es\\\/\",\"url\":\"https:\\\/\\\/bolsosrosa.es\\\/\",\"name\":\"Inicio - Bolsos Rosa\",\"isPartOf\":{\"@id\":\"https:\\\/\\\/bolsosrosa.es\\\/#website\"},\"primaryImageOfPage\":{\"@id\":\"https:\\\/\\\/bolsosrosa.es\\\/#primaryimage\"},\"image\":{\"@id\":\"https:\\\/\\\/bolsosrosa.es\\\/#primaryimage\"},\"thumbnailUrl\":\"https:\\\/\\\/bolsosrosa.es\\\/wp-content\\\/uploads\\\/2025\\\/06\\\/rosa_trans.png\",\"datePublished\":\"2025-06-17T15:30:54+00:00\",\"dateModified\":\"2025-06-18T11:49:22+00:00\",\"breadcrumb\":{\"@id\":\"https:\\\/\\\/bolsosrosa.es\\\/#breadcrumb\"},\"inLanguage\":\"ca\",\"potentialAction\":[{\"@type\":\"ReadAction\",\"target\":[\"https:\\\/\\\/bolsosrosa.es\\\/\"]}]},{\"@type\":\"ImageObject\",\"inLanguage\":\"ca\",\"@id\":\"https:\\\/\\\/bolsosrosa.es\\\/#primaryimage\",\"url\":\"https:\\\/\\\/bolsosrosa.es\\\/wp-content\\\/uploads\\\/2025\\\/06\\\/rosa_trans.png\",\"contentUrl\":\"https:\\\/\\\/bolsosrosa.es\\\/wp-content\\\/uploads\\\/2025\\\/06\\\/rosa_trans.png\"},{\"@type\":\"BreadcrumbList\",\"@id\":\"https:\\\/\\\/bolsosrosa.es\\\/#breadcrumb\",\"itemListElement\":[{\"@type\":\"ListItem\",\"position\":1,\"name\":\"Portada\",\"item\":\"https:\\\/\\\/bolsosrosa.es\\\/\"},{\"@type\":\"ListItem\",\"position\":2,\"name\":\"Inicio\"}]},{\"@type\":\"WebSite\",\"@id\":\"https:\\\/\\\/bolsosrosa.es\\\/#website\",\"url\":\"https:\\\/\\\/bolsosrosa.es\\\/\",\"name\":\"Bolsos Rosa\",\"description\":\"Bolsos Rosa\",\"publisher\":{\"@id\":\"https:\\\/\\\/bolsosrosa.es\\\/#organization\"},\"potentialAction\":[{\"@type\":\"SearchAction\",\"target\":{\"@type\":\"EntryPoint\",\"urlTemplate\":\"https:\\\/\\\/bolsosrosa.es\\\/?s={search_term_string}\"},\"query-input\":{\"@type\":\"PropertyValueSpecification\",\"valueRequired\":true,\"valueName\":\"search_term_string\"}}],\"inLanguage\":\"ca\"},{\"@type\":\"Organization\",\"@id\":\"https:\\\/\\\/bolsosrosa.es\\\/#organization\",\"name\":\"Bolsos Rosa\",\"url\":\"https:\\\/\\\/bolsosrosa.es\\\/\",\"logo\":{\"@type\":\"ImageObject\",\"inLanguage\":\"ca\",\"@id\":\"https:\\\/\\\/bolsosrosa.es\\\/#\\\/schema\\\/logo\\\/image\\\/\",\"url\":\"https:\\\/\\\/bolsosrosa.es\\\/wp-content\\\/uploads\\\/2025\\\/06\\\/cropped-logo_trans.png\",\"contentUrl\":\"https:\\\/\\\/bolsosrosa.es\\\/wp-content\\\/uploads\\\/2025\\\/06\\\/cropped-logo_trans.png\",\"width\":500,\"height\":320,\"caption\":\"Bolsos Rosa\"},\"image\":{\"@id\":\"https:\\\/\\\/bolsosrosa.es\\\/#\\\/schema\\\/logo\\\/image\\\/\"}}]}<\/script>\n<!-- \/ Yoast SEO plugin. -->","yoast_head_json":{"title":"Inicio - Bolsos Rosa","robots":{"index":"index","follow":"follow","max-snippet":"max-snippet:-1","max-image-preview":"max-image-preview:large","max-video-preview":"max-video-preview:-1"},"canonical":"https:\/\/bolsosrosa.es\/ca\/","og_locale":"ca_ES","og_type":"article","og_title":"Inicio - Bolsos Rosa","og_description":"Tienda de bolsos y art\u00edculos de viaje inicio Sobre nosotros Empresa de inicio familiar desde la d\u00e9cada de los 70&#8242; referencial en Cerdanyola. Estamos en un lugar c\u00e9ntrico y accesible. En nuestra tienda encontrar\u00e1s maletas; Samsonite, American Tourister y Gabol. Bolsos; Binnari, Don Algod\u00f3n, Caramelo, Amichi. Cinturones;Miguel Bellido. Paraguas; Vogue, Clima, Espeleta. Mochilas Artic Hunter, [&hellip;]","og_url":"https:\/\/bolsosrosa.es\/ca\/","og_site_name":"Bolsos Rosa","article_modified_time":"2025-06-18T11:49:22+00:00","og_image":[{"width":249,"height":168,"url":"https:\/\/bolsosrosa.es\/wp-content\/uploads\/2025\/06\/rosa_trans.png","type":"image\/png"}],"twitter_card":"summary_large_image","twitter_misc":{"Temps estimat de lectura":"2 minuts"},"schema":{"@context":"https:\/\/schema.org","@graph":[{"@type":"WebPage","@id":"https:\/\/bolsosrosa.es\/","url":"https:\/\/bolsosrosa.es\/","name":"Inicio - Bolsos Rosa","isPartOf":{"@id":"https:\/\/bolsosrosa.es\/#website"},"primaryImageOfPage":{"@id":"https:\/\/bolsosrosa.es\/#primaryimage"},"image":{"@id":"https:\/\/bolsosrosa.es\/#primaryimage"},"thumbnailUrl":"https:\/\/bolsosrosa.es\/wp-content\/uploads\/2025\/06\/rosa_trans.png","datePublished":"2025-06-17T15:30:54+00:00","dateModified":"2025-06-18T11:49:22+00:00","breadcrumb":{"@id":"https:\/\/bolsosrosa.es\/#breadcrumb"},"inLanguage":"ca","potentialAction":[{"@type":"ReadAction","target":["https:\/\/bolsosrosa.es\/"]}]},{"@type":"ImageObject","inLanguage":"ca","@id":"https:\/\/bolsosrosa.es\/#primaryimage","url":"https:\/\/bolsosrosa.es\/wp-content\/uploads\/2025\/06\/rosa_trans.png","contentUrl":"https:\/\/bolsosrosa.es\/wp-content\/uploads\/2025\/06\/rosa_trans.png"},{"@type":"BreadcrumbList","@id":"https:\/\/bolsosrosa.es\/#breadcrumb","itemListElement":[{"@type":"ListItem","position":1,"name":"Portada","item":"https:\/\/bolsosrosa.es\/"},{"@type":"ListItem","position":2,"name":"Inicio"}]},{"@type":"WebSite","@id":"https:\/\/bolsosrosa.es\/#website","url":"https:\/\/bolsosrosa.es\/","name":"Bolsos Rosa","description":"Bolsos Rosa","publisher":{"@id":"https:\/\/bolsosrosa.es\/#organization"},"potentialAction":[{"@type":"SearchAction","target":{"@type":"EntryPoint","urlTemplate":"https:\/\/bolsosrosa.es\/?s={search_term_string}"},"query-input":{"@type":"PropertyValueSpecification","valueRequired":true,"valueName":"search_term_string"}}],"inLanguage":"ca"},{"@type":"Organization","@id":"https:\/\/bolsosrosa.es\/#organization","name":"Bolsos Rosa","url":"https:\/\/bolsosrosa.es\/","logo":{"@type":"ImageObject","inLanguage":"ca","@id":"https:\/\/bolsosrosa.es\/#\/schema\/logo\/image\/","url":"https:\/\/bolsosrosa.es\/wp-content\/uploads\/2025\/06\/cropped-logo_trans.png","contentUrl":"https:\/\/bolsosrosa.es\/wp-content\/uploads\/2025\/06\/cropped-logo_trans.png","width":500,"height":320,"caption":"Bolsos Rosa"},"image":{"@id":"https:\/\/bolsosrosa.es\/#\/schema\/logo\/image\/"}}]}},"_links":{"self":[{"href":"https:\/\/bolsosrosa.es\/ca\/wp-json\/wp\/v2\/pages\/2","targetHints":{"allow":["GET"]}}],"collection":[{"href":"https:\/\/bolsosrosa.es\/ca\/wp-json\/wp\/v2\/pages"}],"about":[{"href":"https:\/\/bolsosrosa.es\/ca\/wp-json\/wp\/v2\/types\/page"}],"author":[{"embeddable":true,"href":"https:\/\/bolsosrosa.es\/ca\/wp-json\/wp\/v2\/users\/1"}],"replies":[{"embeddable":true,"href":"https:\/\/bolsosrosa.es\/ca\/wp-json\/wp\/v2\/comments?post=2"}],"version-history":[{"count":295,"href":"https:\/\/bolsosrosa.es\/ca\/wp-json\/wp\/v2\/pages\/2\/revisions"}],"predecessor-version":[{"id":682,"href":"https:\/\/bolsosrosa.es\/ca\/wp-json\/wp\/v2\/pages\/2\/revisions\/682"}],"wp:attachment":[{"href":"https:\/\/bolsosrosa.es\/ca\/wp-json\/wp\/v2\/media?parent=2"}],"curies":[{"name":"wp","href":"https:\/\/api.w.org\/{rel}","templated":true}]}}